{"id":13614,"date":"2026-04-02T14:40:09","date_gmt":"2026-04-02T12:40:09","guid":{"rendered":"https:\/\/bellatrips.com\/it\/product\/ras-mohamed-national-park-magic-lake-bus-tour-sharm-el-sheikh-amazing-snorkeling-adventure-2026\/"},"modified":"2026-04-02T14:40:09","modified_gmt":"2026-04-02T12:40:09","slug":"ras-mohamed-national-park-magic-lake-bus-tour-sharm-el-sheikh-amazing-snorkeling-adventure-2026","status":"publish","type":"product","link":"https:\/\/bellatrips.com\/fr\/product\/ras-mohamed-national-park-magic-lake-bus-tour-sharm-el-sheikh-amazing-snorkeling-adventure-2026\/","title":{"rendered":"Parc national de Ras Mohamed - Circuit en bus du lac magique - Sharm El Sheikh - Aventure \u00e9tonnante de plong\u00e9e en apn\u00e9e 2026"},"content":{"rendered":"","protected":false},"excerpt":{"rendered":"","protected":false},"featured_media":0,"comment_status":"closed","ping_status":"closed","template":"","meta":{"iawp_total_views":0},"product_brand":[],"product_cat":[],"product_tag":[],"class_list":{"0":"post-13614","1":"product","2":"type-product","3":"status-publish","4":"has-post-thumbnail","7":"first","8":"instock","9":"sold-individually","10":"shipping-taxable","11":"purchasable","12":"product-type-variable"},"_links":{"self":[{"href":"https:\/\/bellatrips.com\/fr\/wp-json\/wp\/v2\/product\/13614","targetHints":{"allow":["GET"]}}],"collection":[{"href":"https:\/\/bellatrips.com\/fr\/wp-json\/wp\/v2\/product"}],"about":[{"href":"https:\/\/bellatrips.com\/fr\/wp-json\/wp\/v2\/types\/product"}],"replies":[{"embeddable":true,"href":"https:\/\/bellatrips.com\/fr\/wp-json\/wp\/v2\/comments?post=13614"}],"wp:attachment":[{"href":"https:\/\/bellatrips.com\/fr\/wp-json\/wp\/v2\/media?parent=13614"}],"wp:term":[{"taxonomy":"product_brand","embeddable":true,"href":"https:\/\/bellatrips.com\/fr\/wp-json\/wp\/v2\/product_brand?post=13614"},{"taxonomy":"product_cat","embeddable":true,"href":"https:\/\/bellatrips.com\/fr\/wp-json\/wp\/v2\/product_cat?post=13614"},{"taxonomy":"product_tag","embeddable":true,"href":"https:\/\/bellatrips.com\/fr\/wp-json\/wp\/v2\/product_tag?post=13614"}],"curies":[{"name":"wp","href":"https:\/\/api.w.org\/{rel}","templated":true}]}}