{"id":12118,"date":"2026-01-15T09:54:03","date_gmt":"2026-01-15T06:54:03","guid":{"rendered":"https:\/\/bellatrips.com\/product\/3-hour-sunrise-horse-riding-on-beach-desert-in-marsa-alam\/"},"modified":"2026-01-15T09:54:03","modified_gmt":"2026-01-15T06:54:03","slug":"3-heures-dequitation-au-lever-du-soleil-sur-la-plage-du-desert-a-marsa-alam","status":"publish","type":"product","link":"https:\/\/bellatrips.com\/fr\/product\/3-hour-sunrise-horse-riding-on-beach-desert-in-marsa-alam\/","title":{"rendered":"3 heures d'\u00e9quitation au lever du soleil sur la plage et dans le d\u00e9sert \u00e0 Marsa Alam"},"content":{"rendered":"","protected":false},"excerpt":{"rendered":"","protected":false},"featured_media":0,"comment_status":"closed","ping_status":"closed","template":"","meta":{"iawp_total_views":0},"product_brand":[],"product_cat":[],"product_tag":[],"class_list":{"0":"post-12118","1":"product","2":"type-product","3":"status-publish","4":"has-post-thumbnail","7":"first","8":"instock","9":"sold-individually","10":"shipping-taxable","11":"purchasable","12":"product-type-variable"},"_links":{"self":[{"href":"https:\/\/bellatrips.com\/fr\/wp-json\/wp\/v2\/product\/12118","targetHints":{"allow":["GET"]}}],"collection":[{"href":"https:\/\/bellatrips.com\/fr\/wp-json\/wp\/v2\/product"}],"about":[{"href":"https:\/\/bellatrips.com\/fr\/wp-json\/wp\/v2\/types\/product"}],"replies":[{"embeddable":true,"href":"https:\/\/bellatrips.com\/fr\/wp-json\/wp\/v2\/comments?post=12118"}],"wp:attachment":[{"href":"https:\/\/bellatrips.com\/fr\/wp-json\/wp\/v2\/media?parent=12118"}],"wp:term":[{"taxonomy":"product_brand","embeddable":true,"href":"https:\/\/bellatrips.com\/fr\/wp-json\/wp\/v2\/product_brand?post=12118"},{"taxonomy":"product_cat","embeddable":true,"href":"https:\/\/bellatrips.com\/fr\/wp-json\/wp\/v2\/product_cat?post=12118"},{"taxonomy":"product_tag","embeddable":true,"href":"https:\/\/bellatrips.com\/fr\/wp-json\/wp\/v2\/product_tag?post=12118"}],"curies":[{"name":"wp","href":"https:\/\/api.w.org\/{rel}","templated":true}]}}