{"id":8028,"date":"2018-12-10T03:06:47","date_gmt":"2018-12-10T03:06:47","guid":{"rendered":"http:\/\/travelhotel.wpengine.com\/?page_id=8028"},"modified":"2026-02-12T16:59:09","modified_gmt":"2026-02-12T14:59:09","slug":"a-propos-de-nous","status":"publish","type":"page","link":"https:\/\/bellatrips.com\/fr\/about-us\/","title":{"rendered":"\u00c0 propos de Bella Trips"},"content":{"rendered":"<div data-elementor-type=\"wp-page\" data-elementor-id=\"8028\" class=\"elementor elementor-8028\">\n\t\t\t\t\t\t<section class=\"elementor-section elementor-top-section elementor-element elementor-element-6c6ed360 elementor-section-boxed elementor-section-height-default elementor-section-height-default\" data-id=\"6c6ed360\" data-element_type=\"section\" data-e-type=\"section\">\n\t\t\t\t\t\t<div class=\"elementor-container elementor-column-gap-default\">\n\t\t\t\t\t<div class=\"elementor-column elementor-col-50 elementor-top-column elementor-element elementor-element-701bbfa8\" data-id=\"701bbfa8\" data-element_type=\"column\" data-e-type=\"column\">\n\t\t\t<div class=\"elementor-widget-wrap elementor-element-populated\">\n\t\t\t\t\t\t<div class=\"elementor-element elementor-element-2e10f2e1 elementor-widget elementor-widget-image\" data-id=\"2e10f2e1\" data-element_type=\"widget\" data-e-type=\"widget\" data-widget_type=\"image.default\">\n\t\t\t\t<div class=\"elementor-widget-container\">\n\t\t\t\t\t\t\t\t\t\t\t\t\t\t\t<img decoding=\"async\" src=\"https:\/\/via.placeholder.com\/300x200\" title=\"\" alt=\"\" loading=\"lazy\" \/>\t\t\t\t\t\t\t\t\t\t\t\t\t\t\t<\/div>\n\t\t\t\t<\/div>\n\t\t\t\t<div class=\"elementor-element elementor-element-271c1dc4 elementor-widget elementor-widget-heading\" data-id=\"271c1dc4\" data-element_type=\"widget\" data-e-type=\"widget\" data-widget_type=\"heading.default\">\n\t\t\t\t<div class=\"elementor-widget-container\">\n\t\t\t\t\t<h2 class=\"elementor-heading-title elementor-size-default\"><h3 data-start=\"288\" data-end=\"308\">Pourquoi Bella Trips ?<\/h3>\n<p data-start=\"310\" data-end=\"319\"><\/p><\/h2>\t\t\t\t<\/div>\n\t\t\t\t<\/div>\n\t\t\t\t<div class=\"elementor-element elementor-element-23be7e3a elementor-widget elementor-widget-text-editor\" data-id=\"23be7e3a\" data-element_type=\"widget\" data-e-type=\"widget\" data-widget_type=\"text-editor.default\">\n\t\t\t\t<div class=\"elementor-widget-container\">\n\t\t\t\t\t\t\t\t\t<p data-start=\"310\" data-end=\"319\">\u00a0<\/p><p data-start=\"321\" data-end=\"411\">Bella Trips Egypt a \u00e9t\u00e9 cr\u00e9\u00e9 pour rendre les voyages en Egypte simples, fiables et inoubliables.<\/p><p data-start=\"413\" data-end=\"705\">Forts d'une solide exp\u00e9rience pratique dans l'industrie du tourisme, nous comprenons que les grands voyages commencent par une bonne planification, une communication honn\u00eate et une coordination professionnelle. C'est pourquoi nous travaillons en \u00e9troite collaboration avec des partenaires locaux agr\u00e9\u00e9s pour concevoir des programmes de voyage bien organis\u00e9s et des exp\u00e9riences authentiques.<\/p><p data-start=\"707\" data-end=\"923\">Depuis votre premi\u00e8re demande jusqu'au dernier jour de votre voyage, notre \u00e9quipe g\u00e8re chaque d\u00e9tail - assurant une logistique fluide, une communication claire et des services soigneusement s\u00e9lectionn\u00e9s pour que vous puissiez voyager en toute confiance et dans le confort.<\/p>\t\t\t\t\t\t\t\t<\/div>\n\t\t\t\t<\/div>\n\t\t\t\t\t<\/div>\n\t\t<\/div>\n\t\t\t\t<div class=\"elementor-column elementor-col-50 elementor-top-column elementor-element elementor-element-35e19c37\" data-id=\"35e19c37\" data-element_type=\"column\" data-e-type=\"column\">\n\t\t\t<div class=\"elementor-widget-wrap elementor-element-populated\">\n\t\t\t\t\t\t<div class=\"elementor-element elementor-element-7a68534c elementor-widget elementor-widget-image\" data-id=\"7a68534c\" data-element_type=\"widget\" data-e-type=\"widget\" data-widget_type=\"image.default\">\n\t\t\t\t<div class=\"elementor-widget-container\">\n\t\t\t\t\t\t\t\t\t\t\t\t\t\t\t<img decoding=\"async\" src=\"https:\/\/via.placeholder.com\/300x200\" title=\"\" alt=\"\" loading=\"lazy\" \/>\t\t\t\t\t\t\t\t\t\t\t\t\t\t\t<\/div>\n\t\t\t\t<\/div>\n\t\t\t\t<div class=\"elementor-element elementor-element-5ed7d2e elementor-widget elementor-widget-heading\" data-id=\"5ed7d2e\" data-element_type=\"widget\" data-e-type=\"widget\" data-widget_type=\"heading.default\">\n\t\t\t\t<div class=\"elementor-widget-container\">\n\t\t\t\t\t<h2 class=\"elementor-heading-title elementor-size-default\"><h3 data-start=\"972\" data-end=\"1000\">Qu'est-ce qui nous diff\u00e9rencie ?<\/h3>\n<p data-start=\"1002\" data-end=\"1011\"><\/p><\/h2>\t\t\t\t<\/div>\n\t\t\t\t<\/div>\n\t\t\t\t<div class=\"elementor-element elementor-element-35658c1f elementor-widget elementor-widget-text-editor\" data-id=\"35658c1f\" data-element_type=\"widget\" data-e-type=\"widget\" data-widget_type=\"text-editor.default\">\n\t\t\t\t<div class=\"elementor-widget-container\">\n\t\t\t\t\t\t\t\t\t<p>La mission de Bella Trips Egypt est d'organiser des voyages s\u00fbrs, bien structur\u00e9s et m\u00e9morables dans toute l'\u00c9gypte.<\/p><p>Nous visons \u00e0 simplifier les voyages de nos h\u00f4tes en coordonnant les excursions, les transports et les activit\u00e9s par l'interm\u00e9diaire de prestataires de confiance et agr\u00e9\u00e9s, tout en maintenant des normes \u00e9lev\u00e9es de qualit\u00e9, de transparence et de fiabilit\u00e9.<\/p><p>Chaque voyage que nous organisons est con\u00e7u pour \u00eatre confortable, flexible et conforme aux attentes des voyageurs modernes.<\/p><blockquote data-start=\"373\" data-end=\"512\"><p data-start=\"375\" data-end=\"512\">Nous mettons les voyageurs en contact avec des experts locaux de confiance afin de leur proposer des exp\u00e9riences authentiques, des prix comp\u00e9titifs et des voyages sans encombre dans toute l'\u00c9gypte.<\/p><\/blockquote>\t\t\t\t\t\t\t\t<\/div>\n\t\t\t\t<\/div>\n\t\t\t\t\t<\/div>\n\t\t<\/div>\n\t\t\t\t\t<\/div>\n\t\t<\/section>\n\t\t\t\t<section class=\"elementor-section elementor-top-section elementor-element elementor-element-5c547623 elementor-section-boxed elementor-section-height-default elementor-section-height-default\" data-id=\"5c547623\" data-element_type=\"section\" data-e-type=\"section\">\n\t\t\t\t\t\t<div class=\"elementor-container elementor-column-gap-default\">\n\t\t\t\t\t<div class=\"elementor-column elementor-col-25 elementor-top-column elementor-element elementor-element-3ef152dc\" data-id=\"3ef152dc\" data-element_type=\"column\" data-e-type=\"column\">\n\t\t\t<div class=\"elementor-widget-wrap elementor-element-populated\">\n\t\t\t\t\t\t<section class=\"elementor-section elementor-inner-section elementor-element elementor-element-366216f3 elementor-section-boxed elementor-section-height-default elementor-section-height-default\" data-id=\"366216f3\" data-element_type=\"section\" data-e-type=\"section\">\n\t\t\t\t\t\t<div class=\"elementor-container elementor-column-gap-default\">\n\t\t\t\t\t<div class=\"elementor-column elementor-col-100 elementor-inner-column elementor-element elementor-element-2bc19967\" data-id=\"2bc19967\" data-element_type=\"column\" data-e-type=\"column\">\n\t\t\t<div class=\"elementor-widget-wrap elementor-element-populated\">\n\t\t\t\t\t\t<div class=\"elementor-element elementor-element-43fa7afb elementor-widget elementor-widget-heading\" data-id=\"43fa7afb\" data-element_type=\"widget\" data-e-type=\"widget\" data-widget_type=\"heading.default\">\n\t\t\t\t<div class=\"elementor-widget-container\">\n\t\t\t\t\t<h2 class=\"elementor-heading-title elementor-size-default\">50+<\/h2>\t\t\t\t<\/div>\n\t\t\t\t<\/div>\n\t\t\t\t<div class=\"elementor-element elementor-element-2b911cf8 elementor-widget elementor-widget-heading\" data-id=\"2b911cf8\" data-element_type=\"widget\" data-e-type=\"widget\" data-widget_type=\"heading.default\">\n\t\t\t\t<div class=\"elementor-widget-container\">\n\t\t\t\t\t<h2 class=\"elementor-heading-title elementor-size-default\">Partenaires licenci\u00e9s<\/h2>\t\t\t\t<\/div>\n\t\t\t\t<\/div>\n\t\t\t\t\t<\/div>\n\t\t<\/div>\n\t\t\t\t\t<\/div>\n\t\t<\/section>\n\t\t\t\t\t<\/div>\n\t\t<\/div>\n\t\t\t\t<div class=\"elementor-column elementor-col-25 elementor-top-column elementor-element elementor-element-525fa9b3\" data-id=\"525fa9b3\" data-element_type=\"column\" data-e-type=\"column\">\n\t\t\t<div class=\"elementor-widget-wrap elementor-element-populated\">\n\t\t\t\t\t\t<section class=\"elementor-section elementor-inner-section elementor-element elementor-element-5d82d0bd elementor-section-boxed elementor-section-height-default elementor-section-height-default\" data-id=\"5d82d0bd\" data-element_type=\"section\" data-e-type=\"section\">\n\t\t\t\t\t\t<div class=\"elementor-container elementor-column-gap-default\">\n\t\t\t\t\t<div class=\"elementor-column elementor-col-100 elementor-inner-column elementor-element elementor-element-720d4e35\" data-id=\"720d4e35\" data-element_type=\"column\" data-e-type=\"column\">\n\t\t\t<div class=\"elementor-widget-wrap elementor-element-populated\">\n\t\t\t\t\t\t<div class=\"elementor-element elementor-element-60d5af97 elementor-widget elementor-widget-heading\" data-id=\"60d5af97\" data-element_type=\"widget\" data-e-type=\"widget\" data-widget_type=\"heading.default\">\n\t\t\t\t<div class=\"elementor-widget-container\">\n\t\t\t\t\t<h2 class=\"elementor-heading-title elementor-size-default\">20+<\/h2>\t\t\t\t<\/div>\n\t\t\t\t<\/div>\n\t\t\t\t<div class=\"elementor-element elementor-element-e4763e1 elementor-widget elementor-widget-heading\" data-id=\"e4763e1\" data-element_type=\"widget\" data-e-type=\"widget\" data-widget_type=\"heading.default\">\n\t\t\t\t<div class=\"elementor-widget-container\">\n\t\t\t\t\t<h2 class=\"elementor-heading-title elementor-size-default\">Destinations en \u00c9gypte<\/h2>\t\t\t\t<\/div>\n\t\t\t\t<\/div>\n\t\t\t\t\t<\/div>\n\t\t<\/div>\n\t\t\t\t\t<\/div>\n\t\t<\/section>\n\t\t\t\t\t<\/div>\n\t\t<\/div>\n\t\t\t\t<div class=\"elementor-column elementor-col-25 elementor-top-column elementor-element elementor-element-351f321f\" data-id=\"351f321f\" data-element_type=\"column\" data-e-type=\"column\">\n\t\t\t<div class=\"elementor-widget-wrap elementor-element-populated\">\n\t\t\t\t\t\t<section class=\"elementor-section elementor-inner-section elementor-element elementor-element-3a25799a elementor-section-boxed elementor-section-height-default elementor-section-height-default\" data-id=\"3a25799a\" data-element_type=\"section\" data-e-type=\"section\">\n\t\t\t\t\t\t<div class=\"elementor-container elementor-column-gap-default\">\n\t\t\t\t\t<div class=\"elementor-column elementor-col-100 elementor-inner-column elementor-element elementor-element-ad8dbfa\" data-id=\"ad8dbfa\" data-element_type=\"column\" data-e-type=\"column\">\n\t\t\t<div class=\"elementor-widget-wrap elementor-element-populated\">\n\t\t\t\t\t\t<div class=\"elementor-element elementor-element-2fabb45a elementor-widget elementor-widget-heading\" data-id=\"2fabb45a\" data-element_type=\"widget\" data-e-type=\"widget\" data-widget_type=\"heading.default\">\n\t\t\t\t<div class=\"elementor-widget-container\">\n\t\t\t\t\t<h2 class=\"elementor-heading-title elementor-size-default\">40,000+<\/h2>\t\t\t\t<\/div>\n\t\t\t\t<\/div>\n\t\t\t\t<div class=\"elementor-element elementor-element-595a5065 elementor-widget elementor-widget-heading\" data-id=\"595a5065\" data-element_type=\"widget\" data-e-type=\"widget\" data-widget_type=\"heading.default\">\n\t\t\t\t<div class=\"elementor-widget-container\">\n\t\t\t\t\t<h2 class=\"elementor-heading-title elementor-size-default\">Voyages organis\u00e9s<\/h2>\t\t\t\t<\/div>\n\t\t\t\t<\/div>\n\t\t\t\t\t<\/div>\n\t\t<\/div>\n\t\t\t\t\t<\/div>\n\t\t<\/section>\n\t\t\t\t\t<\/div>\n\t\t<\/div>\n\t\t\t\t<div class=\"elementor-column elementor-col-25 elementor-top-column elementor-element elementor-element-75e561fe\" data-id=\"75e561fe\" data-element_type=\"column\" data-e-type=\"column\">\n\t\t\t<div class=\"elementor-widget-wrap elementor-element-populated\">\n\t\t\t\t\t\t<section class=\"elementor-section elementor-inner-section elementor-element elementor-element-23a3b4b6 elementor-section-boxed elementor-section-height-default elementor-section-height-default\" data-id=\"23a3b4b6\" data-element_type=\"section\" data-e-type=\"section\">\n\t\t\t\t\t\t<div class=\"elementor-container elementor-column-gap-default\">\n\t\t\t\t\t<div class=\"elementor-column elementor-col-100 elementor-inner-column elementor-element elementor-element-4380848a\" data-id=\"4380848a\" data-element_type=\"column\" data-e-type=\"column\">\n\t\t\t<div class=\"elementor-widget-wrap elementor-element-populated\">\n\t\t\t\t\t\t<div class=\"elementor-element elementor-element-5695d8a5 elementor-widget elementor-widget-heading\" data-id=\"5695d8a5\" data-element_type=\"widget\" data-e-type=\"widget\" data-widget_type=\"heading.default\">\n\t\t\t\t<div class=\"elementor-widget-container\">\n\t\t\t\t\t<h2 class=\"elementor-heading-title elementor-size-default\">120,000+<\/h2>\t\t\t\t<\/div>\n\t\t\t\t<\/div>\n\t\t\t\t<div class=\"elementor-element elementor-element-524e7722 elementor-widget elementor-widget-heading\" data-id=\"524e7722\" data-element_type=\"widget\" data-e-type=\"widget\" data-widget_type=\"heading.default\">\n\t\t\t\t<div class=\"elementor-widget-container\">\n\t\t\t\t\t<h2 class=\"elementor-heading-title elementor-size-default\">Voyageurs heureux<\/h2>\t\t\t\t<\/div>\n\t\t\t\t<\/div>\n\t\t\t\t\t<\/div>\n\t\t<\/div>\n\t\t\t\t\t<\/div>\n\t\t<\/section>\n\t\t\t\t\t<\/div>\n\t\t<\/div>\n\t\t\t\t\t<\/div>\n\t\t<\/section>\n\t\t\t\t<section class=\"elementor-section elementor-top-section elementor-element elementor-element-983a502 elementor-section-boxed elementor-section-height-default elementor-section-height-default\" data-id=\"983a502\" data-element_type=\"section\" data-e-type=\"section\">\n\t\t\t\t\t\t<div class=\"elementor-container elementor-column-gap-default\">\n\t\t\t\t\t<div class=\"elementor-column elementor-col-100 elementor-top-column elementor-element elementor-element-70c37209\" data-id=\"70c37209\" data-element_type=\"column\" data-e-type=\"column\">\n\t\t\t<div class=\"elementor-widget-wrap elementor-element-populated\">\n\t\t\t\t\t\t<div class=\"elementor-element elementor-element-5db24a94 elementor-widget elementor-widget-heading\" data-id=\"5db24a94\" data-element_type=\"widget\" data-e-type=\"widget\" data-widget_type=\"heading.default\">\n\t\t\t\t<div class=\"elementor-widget-container\">\n\t\t\t\t\t<h2 class=\"elementor-heading-title elementor-size-default\"><blockquote data-start=\"203\" data-end=\"445\"><p data-start=\"205\" data-end=\"445\"><strong data-start=\"205\" data-end=\"445\">\u201cChez Bella Trips Egypt, nous ne nous contentons pas d'organiser des voyages - nous cr\u00e9ons des exp\u00e9riences de voyage soigneusement organis\u00e9es, bas\u00e9es sur la transparence, l'expertise locale et des partenariats de confiance, afin que chaque voyageur puisse explorer l'\u00c9gypte en toute confiance et en toute tranquillit\u00e9 d'esprit.\u201d<\/strong><\/p>\n<\/blockquote>\n\n<\/h2>\t\t\t\t<\/div>\n\t\t\t\t<\/div>\n\t\t\t\t\t<\/div>\n\t\t<\/div>\n\t\t\t\t\t<\/div>\n\t\t<\/section>\n\t\t\t\t<section class=\"elementor-section elementor-top-section elementor-element elementor-element-4fa9c20 elementor-section-full_width elementor-section-height-default elementor-section-height-default\" data-id=\"4fa9c20\" data-element_type=\"section\" data-e-type=\"section\">\n\t\t\t\t\t\t<div class=\"elementor-container elementor-column-gap-no\">\n\t\t\t\t\t<div class=\"elementor-column elementor-col-100 elementor-top-column elementor-element elementor-element-78d0eb5b\" data-id=\"78d0eb5b\" data-element_type=\"column\" data-e-type=\"column\">\n\t\t\t<div class=\"elementor-widget-wrap elementor-element-populated\">\n\t\t\t\t\t\t<div class=\"elementor-element elementor-element-18425323 elementor-widget elementor-widget-st_sliders\" data-id=\"18425323\" data-element_type=\"widget\" data-e-type=\"widget\" data-widget_type=\"st_sliders.default\">\n\t\t\t\t<div class=\"elementor-widget-container\">\n\t\t\t\t\t        <div class=\"st-sliders style-1\" data-effect=\"creative\" data-slides-per-view=\"\" data-pagination=\"on\" data-navigation=\"on\" data-auto-play=\"off\" data-loop=\"true\" data-delay=\"\" data-center-slider=\"on\" data-style-slider=\"style-1\" data-space-between=\"30\" >\r\n            <div class=\"swiper-container\">\r\n                <div class=\"swiper-wrapper\">\r\n                                                <div class=\"swiper-slide\">\r\n                                <img decoding=\"async\" class=\"swiper-lazy\" src=\"https:\/\/bellatrips.com\/wp-content\/uploads\/2025\/12\/photo_2025-12-29-10.15.19-1.jpeg\" alt=\"Voyages Bella\">\r\n                            <\/div>\r\n                                                    <div class=\"swiper-slide\">\r\n                                <img decoding=\"async\" class=\"swiper-lazy\" src=\"https:\/\/bellatrips.com\/wp-content\/uploads\/2026\/02\/FOX1758-scaled.jpg\" alt=\"Voyages Bella\">\r\n                            <\/div>\r\n                                                    <div class=\"swiper-slide\">\r\n                                <img decoding=\"async\" class=\"swiper-lazy\" src=\"https:\/\/bellatrips.com\/wp-content\/uploads\/2026\/02\/DSC_0028.jpg\" alt=\"Voyages Bella\">\r\n                            <\/div>\r\n                                                    <div class=\"swiper-slide\">\r\n                                <img decoding=\"async\" class=\"swiper-lazy\" src=\"https:\/\/bellatrips.com\/wp-content\/uploads\/2026\/02\/DSC_0157-scaled.jpg\" alt=\"Voyages Bella\">\r\n                            <\/div>\r\n                                                    <div class=\"swiper-slide\">\r\n                                <img decoding=\"async\" class=\"swiper-lazy\" src=\"https:\/\/bellatrips.com\/wp-content\/uploads\/2026\/02\/DSC_0179-scaled.jpg\" alt=\"Voyages Bella\">\r\n                            <\/div>\r\n                                                    <div class=\"swiper-slide\">\r\n                                <img decoding=\"async\" class=\"swiper-lazy\" src=\"https:\/\/bellatrips.com\/wp-content\/uploads\/2026\/02\/DSC_0638-scaled.jpg\" alt=\"Voyages Bella\">\r\n                            <\/div>\r\n                                                    <div class=\"swiper-slide\">\r\n                                <img decoding=\"async\" class=\"swiper-lazy\" src=\"https:\/\/bellatrips.com\/wp-content\/uploads\/2026\/02\/DSC_0709-1-scaled.jpg\" alt=\"Voyages Bella\">\r\n                            <\/div>\r\n                                                    <div class=\"swiper-slide\">\r\n                                <img decoding=\"async\" class=\"swiper-lazy\" src=\"https:\/\/bellatrips.com\/wp-content\/uploads\/2026\/02\/DSC_2212-scaled.jpg\" alt=\"Voyages Bella\">\r\n                            <\/div>\r\n                                                    <div class=\"swiper-slide\">\r\n                                <img decoding=\"async\" class=\"swiper-lazy\" src=\"https:\/\/bellatrips.com\/wp-content\/uploads\/2026\/02\/DSC_6796-scaled.jpg\" alt=\"Voyages Bella\">\r\n                            <\/div>\r\n                                                    <div class=\"swiper-slide\">\r\n                                <img decoding=\"async\" class=\"swiper-lazy\" src=\"https:\/\/bellatrips.com\/wp-content\/uploads\/2026\/02\/DSC_6853.jpg\" alt=\"Voyages Bella\">\r\n                            <\/div>\r\n                                                    <div class=\"swiper-slide\">\r\n                                <img decoding=\"async\" class=\"swiper-lazy\" src=\"https:\/\/bellatrips.com\/wp-content\/uploads\/2026\/02\/DSC_8420-scaled.jpg\" alt=\"Voyages Bella\">\r\n                            <\/div>\r\n                                                    <div class=\"swiper-slide\">\r\n                                <img decoding=\"async\" class=\"swiper-lazy\" src=\"https:\/\/bellatrips.com\/wp-content\/uploads\/2026\/02\/FOX_6638-scaled.jpg\" alt=\"Voyages Bella\">\r\n                            <\/div>\r\n                                                    <div class=\"swiper-slide\">\r\n                                <img decoding=\"async\" class=\"swiper-lazy\" src=\"https:\/\/bellatrips.com\/wp-content\/uploads\/2026\/02\/hd-32.png\" alt=\"Voyages Bella\">\r\n                            <\/div>\r\n                                                    <div class=\"swiper-slide\">\r\n                                <img decoding=\"async\" class=\"swiper-lazy\" src=\"https:\/\/bellatrips.com\/wp-content\/uploads\/2026\/02\/DSC_7212-scaled.jpg\" alt=\"Voyages Bella\">\r\n                            <\/div>\r\n                                                    <div class=\"swiper-slide\">\r\n                                <img decoding=\"async\" class=\"swiper-lazy\" src=\"https:\/\/bellatrips.com\/wp-content\/uploads\/2026\/02\/GOPR7411-scaled.jpg\" alt=\"Voyages Bella\">\r\n                            <\/div>\r\n                                                    <div class=\"swiper-slide\">\r\n                                <img decoding=\"async\" class=\"swiper-lazy\" src=\"https:\/\/bellatrips.com\/wp-content\/uploads\/2026\/02\/GOPR1116-scaled.jpg\" alt=\"Voyages Bella\">\r\n                            <\/div>\r\n                                                    <div class=\"swiper-slide\">\r\n                                <img decoding=\"async\" class=\"swiper-lazy\" src=\"https:\/\/bellatrips.com\/wp-content\/uploads\/2026\/02\/\u0644.jpg\" alt=\"Voyages Bella\">\r\n                            <\/div>\r\n                                        <\/div>\r\n\r\n\t\t\t\t<div class=\"swiper-pagination\"><\/div><div class=\"st-button-prev\"><span><\/span><\/div><div class=\"st-button-next\"><span><\/span><\/div>            <\/div>\r\n        <\/div>\r\n    \t\t\t\t<\/div>\n\t\t\t\t<\/div>\n\t\t\t\t\t<\/div>\n\t\t<\/div>\n\t\t\t\t\t<\/div>\n\t\t<\/section>\n\t\t\t\t<section class=\"elementor-section elementor-top-section elementor-element elementor-element-742d8988 elementor-section-boxed elementor-section-height-default elementor-section-height-default\" data-id=\"742d8988\" data-element_type=\"section\" data-e-type=\"section\">\n\t\t\t\t\t\t<div class=\"elementor-container elementor-column-gap-default\">\n\t\t\t\t\t<div class=\"elementor-column elementor-col-100 elementor-top-column elementor-element elementor-element-46dacbdd\" data-id=\"46dacbdd\" data-element_type=\"column\" data-e-type=\"column\">\n\t\t\t<div class=\"elementor-widget-wrap elementor-element-populated\">\n\t\t\t\t\t\t<div class=\"elementor-element elementor-element-23231dfd elementor-widget elementor-widget-heading\" data-id=\"23231dfd\" data-element_type=\"widget\" data-e-type=\"widget\" data-widget_type=\"heading.default\">\n\t\t\t\t<div class=\"elementor-widget-container\">\n\t\t\t\t\t<h2 class=\"elementor-heading-title elementor-size-default\">L'\u00e9quipe<\/h2>\t\t\t\t<\/div>\n\t\t\t\t<\/div>\n\t\t\t\t<div class=\"elementor-element elementor-element-c6ef843 elementor-widget elementor-widget-heading\" data-id=\"c6ef843\" data-element_type=\"widget\" data-e-type=\"widget\" data-widget_type=\"heading.default\">\n\t\t\t\t<div class=\"elementor-widget-container\">\n\t\t\t\t\t<h2 class=\"elementor-heading-title elementor-size-default\">Derri\u00e8re chaque voyage r\u00e9ussi se trouve une \u00e9quipe locale structur\u00e9e qui coordonne la logistique, les bateaux sous licence, le transport et les normes de s\u00e9curit\u00e9, afin que chaque voyageur vive l'\u00c9gypte exactement comme il l'a promis.\n<\/h2>\t\t\t\t<\/div>\n\t\t\t\t<\/div>\n\t\t\t\t\t<\/div>\n\t\t<\/div>\n\t\t\t\t\t<\/div>\n\t\t<\/section>\n\t\t\t\t<\/div>","protected":false},"excerpt":{"rendered":"<p>Why Bella Trips? \u00a0 Bella Trips Egypt was created to make travel in Egypt simple, reliable, and unforgettable. With strong hands-on experience in the tourism industry, we understand that great trips start with proper planning, honest communication, and professional coordination. That\u2019s why we work closely with licensed local partners to design well-organized travel programs and [&hellip;]<\/p>\n","protected":false},"author":1,"featured_media":12708,"parent":0,"menu_order":0,"comment_status":"closed","ping_status":"closed","template":"template-fullwidth.php","meta":{"iawp_total_views":73,"footnotes":""},"class_list":["post-8028","page","type-page","status-publish","has-post-thumbnail","hentry"],"_links":{"self":[{"href":"https:\/\/bellatrips.com\/fr\/wp-json\/wp\/v2\/pages\/8028","targetHints":{"allow":["GET"]}}],"collection":[{"href":"https:\/\/bellatrips.com\/fr\/wp-json\/wp\/v2\/pages"}],"about":[{"href":"https:\/\/bellatrips.com\/fr\/wp-json\/wp\/v2\/types\/page"}],"author":[{"embeddable":true,"href":"https:\/\/bellatrips.com\/fr\/wp-json\/wp\/v2\/users\/1"}],"replies":[{"embeddable":true,"href":"https:\/\/bellatrips.com\/fr\/wp-json\/wp\/v2\/comments?post=8028"}],"version-history":[{"count":69,"href":"https:\/\/bellatrips.com\/fr\/wp-json\/wp\/v2\/pages\/8028\/revisions"}],"predecessor-version":[{"id":13030,"href":"https:\/\/bellatrips.com\/fr\/wp-json\/wp\/v2\/pages\/8028\/revisions\/13030"}],"wp:featuredmedia":[{"embeddable":true,"href":"https:\/\/bellatrips.com\/fr\/wp-json\/wp\/v2\/media\/12708"}],"wp:attachment":[{"href":"https:\/\/bellatrips.com\/fr\/wp-json\/wp\/v2\/media?parent=8028"}],"curies":[{"name":"wp","href":"https:\/\/api.w.org\/{rel}","templated":true}]}}