{"id":8028,"date":"2018-12-10T03:06:47","date_gmt":"2018-12-10T03:06:47","guid":{"rendered":"http:\/\/travelhotel.wpengine.com\/?page_id=8028"},"modified":"2026-02-12T16:59:09","modified_gmt":"2026-02-12T14:59:09","slug":"uber-uns","status":"publish","type":"page","link":"https:\/\/bellatrips.com\/de\/about-us\/","title":{"rendered":"\u00dcber Bella Trips"},"content":{"rendered":"<div data-elementor-type=\"wp-page\" data-elementor-id=\"8028\" class=\"elementor elementor-8028\">\n\t\t\t\t\t\t<section class=\"elementor-section elementor-top-section elementor-element elementor-element-6c6ed360 elementor-section-boxed elementor-section-height-default elementor-section-height-default\" data-id=\"6c6ed360\" data-element_type=\"section\" data-e-type=\"section\">\n\t\t\t\t\t\t<div class=\"elementor-container elementor-column-gap-default\">\n\t\t\t\t\t<div class=\"elementor-column elementor-col-50 elementor-top-column elementor-element elementor-element-701bbfa8\" data-id=\"701bbfa8\" data-element_type=\"column\" data-e-type=\"column\">\n\t\t\t<div class=\"elementor-widget-wrap elementor-element-populated\">\n\t\t\t\t\t\t<div class=\"elementor-element elementor-element-2e10f2e1 elementor-widget elementor-widget-image\" data-id=\"2e10f2e1\" data-element_type=\"widget\" data-e-type=\"widget\" data-widget_type=\"image.default\">\n\t\t\t\t<div class=\"elementor-widget-container\">\n\t\t\t\t\t\t\t\t\t\t\t\t\t\t\t<img decoding=\"async\" src=\"https:\/\/via.placeholder.com\/300x200\" title=\"\" alt=\"\" loading=\"lazy\" \/>\t\t\t\t\t\t\t\t\t\t\t\t\t\t\t<\/div>\n\t\t\t\t<\/div>\n\t\t\t\t<div class=\"elementor-element elementor-element-271c1dc4 elementor-widget elementor-widget-heading\" data-id=\"271c1dc4\" data-element_type=\"widget\" data-e-type=\"widget\" data-widget_type=\"heading.default\">\n\t\t\t\t<div class=\"elementor-widget-container\">\n\t\t\t\t\t<h2 class=\"elementor-heading-title elementor-size-default\"><h3 data-start=\"288\" data-end=\"308\">Warum Bella Trips?<\/h3>\n<p data-start=\"310\" data-end=\"319\"><\/p><\/h2>\t\t\t\t<\/div>\n\t\t\t\t<\/div>\n\t\t\t\t<div class=\"elementor-element elementor-element-23be7e3a elementor-widget elementor-widget-text-editor\" data-id=\"23be7e3a\" data-element_type=\"widget\" data-e-type=\"widget\" data-widget_type=\"text-editor.default\">\n\t\t\t\t<div class=\"elementor-widget-container\">\n\t\t\t\t\t\t\t\t\t<p data-start=\"310\" data-end=\"319\">\u00a0<\/p><p data-start=\"321\" data-end=\"411\">Bella Trips Egypt wurde gegr\u00fcndet, um Reisen in \u00c4gypten einfach, zuverl\u00e4ssig und unvergesslich zu machen.<\/p><p data-start=\"413\" data-end=\"705\">Dank unserer langj\u00e4hrigen Erfahrung in der Tourismusbranche wissen wir, dass gute Reisen mit einer guten Planung, ehrlicher Kommunikation und professioneller Koordination beginnen. Deshalb arbeiten wir eng mit lizenzierten lokalen Partnern zusammen, um gut organisierte Reiseprogramme und authentische Erlebnisse zu gestalten.<\/p><p data-start=\"707\" data-end=\"923\">Von Ihrer ersten Anfrage bis zum letzten Tag Ihrer Reise k\u00fcmmert sich unser Team um jedes Detail und sorgt f\u00fcr eine reibungslose Logistik, klare Kommunikation und sorgf\u00e4ltig ausgew\u00e4hlte Dienstleistungen, damit Sie mit Vertrauen und Komfort reisen k\u00f6nnen.<\/p>\t\t\t\t\t\t\t\t<\/div>\n\t\t\t\t<\/div>\n\t\t\t\t\t<\/div>\n\t\t<\/div>\n\t\t\t\t<div class=\"elementor-column elementor-col-50 elementor-top-column elementor-element elementor-element-35e19c37\" data-id=\"35e19c37\" data-element_type=\"column\" data-e-type=\"column\">\n\t\t\t<div class=\"elementor-widget-wrap elementor-element-populated\">\n\t\t\t\t\t\t<div class=\"elementor-element elementor-element-7a68534c elementor-widget elementor-widget-image\" data-id=\"7a68534c\" data-element_type=\"widget\" data-e-type=\"widget\" data-widget_type=\"image.default\">\n\t\t\t\t<div class=\"elementor-widget-container\">\n\t\t\t\t\t\t\t\t\t\t\t\t\t\t\t<img decoding=\"async\" src=\"https:\/\/via.placeholder.com\/300x200\" title=\"\" alt=\"\" loading=\"lazy\" \/>\t\t\t\t\t\t\t\t\t\t\t\t\t\t\t<\/div>\n\t\t\t\t<\/div>\n\t\t\t\t<div class=\"elementor-element elementor-element-5ed7d2e elementor-widget elementor-widget-heading\" data-id=\"5ed7d2e\" data-element_type=\"widget\" data-e-type=\"widget\" data-widget_type=\"heading.default\">\n\t\t\t\t<div class=\"elementor-widget-container\">\n\t\t\t\t\t<h2 class=\"elementor-heading-title elementor-size-default\"><h3 data-start=\"972\" data-end=\"1000\">Was macht uns anders?<\/h3>\n<p data-start=\"1002\" data-end=\"1011\"><\/p><\/h2>\t\t\t\t<\/div>\n\t\t\t\t<\/div>\n\t\t\t\t<div class=\"elementor-element elementor-element-35658c1f elementor-widget elementor-widget-text-editor\" data-id=\"35658c1f\" data-element_type=\"widget\" data-e-type=\"widget\" data-widget_type=\"text-editor.default\">\n\t\t\t\t<div class=\"elementor-widget-container\">\n\t\t\t\t\t\t\t\t\t<p>Unsere Aufgabe bei Bella Trips Egypt ist es, sichere, gut strukturierte und unvergessliche Reiseerlebnisse in \u00c4gypten zu organisieren.<\/p><p>Unser Ziel ist es, das Reisen f\u00fcr unsere G\u00e4ste zu vereinfachen, indem wir Touren, Transporte und Aktivit\u00e4ten \u00fcber vertrauensw\u00fcrdige und lizenzierte Anbieter koordinieren und dabei hohe Standards f\u00fcr Qualit\u00e4t, Transparenz und Zuverl\u00e4ssigkeit einhalten.<\/p><p>Jede von uns organisierte Reise ist so konzipiert, dass sie komfortabel, flexibel und auf die Erwartungen moderner Reisender abgestimmt ist.<\/p><blockquote data-start=\"373\" data-end=\"512\"><p data-start=\"375\" data-end=\"512\">Wir bringen Reisende mit vertrauensw\u00fcrdigen lokalen Experten zusammen, um authentische Erlebnisse, wettbewerbsf\u00e4hige Preise und nahtlose Reisen in \u00c4gypten zu erm\u00f6glichen.<\/p><\/blockquote>\t\t\t\t\t\t\t\t<\/div>\n\t\t\t\t<\/div>\n\t\t\t\t\t<\/div>\n\t\t<\/div>\n\t\t\t\t\t<\/div>\n\t\t<\/section>\n\t\t\t\t<section class=\"elementor-section elementor-top-section elementor-element elementor-element-5c547623 elementor-section-boxed elementor-section-height-default elementor-section-height-default\" data-id=\"5c547623\" data-element_type=\"section\" data-e-type=\"section\">\n\t\t\t\t\t\t<div class=\"elementor-container elementor-column-gap-default\">\n\t\t\t\t\t<div class=\"elementor-column elementor-col-25 elementor-top-column elementor-element elementor-element-3ef152dc\" data-id=\"3ef152dc\" data-element_type=\"column\" data-e-type=\"column\">\n\t\t\t<div class=\"elementor-widget-wrap elementor-element-populated\">\n\t\t\t\t\t\t<section class=\"elementor-section elementor-inner-section elementor-element elementor-element-366216f3 elementor-section-boxed elementor-section-height-default elementor-section-height-default\" data-id=\"366216f3\" data-element_type=\"section\" data-e-type=\"section\">\n\t\t\t\t\t\t<div class=\"elementor-container elementor-column-gap-default\">\n\t\t\t\t\t<div class=\"elementor-column elementor-col-100 elementor-inner-column elementor-element elementor-element-2bc19967\" data-id=\"2bc19967\" data-element_type=\"column\" data-e-type=\"column\">\n\t\t\t<div class=\"elementor-widget-wrap elementor-element-populated\">\n\t\t\t\t\t\t<div class=\"elementor-element elementor-element-43fa7afb elementor-widget elementor-widget-heading\" data-id=\"43fa7afb\" data-element_type=\"widget\" data-e-type=\"widget\" data-widget_type=\"heading.default\">\n\t\t\t\t<div class=\"elementor-widget-container\">\n\t\t\t\t\t<h2 class=\"elementor-heading-title elementor-size-default\">50+<\/h2>\t\t\t\t<\/div>\n\t\t\t\t<\/div>\n\t\t\t\t<div class=\"elementor-element elementor-element-2b911cf8 elementor-widget elementor-widget-heading\" data-id=\"2b911cf8\" data-element_type=\"widget\" data-e-type=\"widget\" data-widget_type=\"heading.default\">\n\t\t\t\t<div class=\"elementor-widget-container\">\n\t\t\t\t\t<h2 class=\"elementor-heading-title elementor-size-default\">Lizensierte Partner<\/h2>\t\t\t\t<\/div>\n\t\t\t\t<\/div>\n\t\t\t\t\t<\/div>\n\t\t<\/div>\n\t\t\t\t\t<\/div>\n\t\t<\/section>\n\t\t\t\t\t<\/div>\n\t\t<\/div>\n\t\t\t\t<div class=\"elementor-column elementor-col-25 elementor-top-column elementor-element elementor-element-525fa9b3\" data-id=\"525fa9b3\" data-element_type=\"column\" data-e-type=\"column\">\n\t\t\t<div class=\"elementor-widget-wrap elementor-element-populated\">\n\t\t\t\t\t\t<section class=\"elementor-section elementor-inner-section elementor-element elementor-element-5d82d0bd elementor-section-boxed elementor-section-height-default elementor-section-height-default\" data-id=\"5d82d0bd\" data-element_type=\"section\" data-e-type=\"section\">\n\t\t\t\t\t\t<div class=\"elementor-container elementor-column-gap-default\">\n\t\t\t\t\t<div class=\"elementor-column elementor-col-100 elementor-inner-column elementor-element elementor-element-720d4e35\" data-id=\"720d4e35\" data-element_type=\"column\" data-e-type=\"column\">\n\t\t\t<div class=\"elementor-widget-wrap elementor-element-populated\">\n\t\t\t\t\t\t<div class=\"elementor-element elementor-element-60d5af97 elementor-widget elementor-widget-heading\" data-id=\"60d5af97\" data-element_type=\"widget\" data-e-type=\"widget\" data-widget_type=\"heading.default\">\n\t\t\t\t<div class=\"elementor-widget-container\">\n\t\t\t\t\t<h2 class=\"elementor-heading-title elementor-size-default\">20+<\/h2>\t\t\t\t<\/div>\n\t\t\t\t<\/div>\n\t\t\t\t<div class=\"elementor-element elementor-element-e4763e1 elementor-widget elementor-widget-heading\" data-id=\"e4763e1\" data-element_type=\"widget\" data-e-type=\"widget\" data-widget_type=\"heading.default\">\n\t\t\t\t<div class=\"elementor-widget-container\">\n\t\t\t\t\t<h2 class=\"elementor-heading-title elementor-size-default\">Reiseziele in \u00c4gypten<\/h2>\t\t\t\t<\/div>\n\t\t\t\t<\/div>\n\t\t\t\t\t<\/div>\n\t\t<\/div>\n\t\t\t\t\t<\/div>\n\t\t<\/section>\n\t\t\t\t\t<\/div>\n\t\t<\/div>\n\t\t\t\t<div class=\"elementor-column elementor-col-25 elementor-top-column elementor-element elementor-element-351f321f\" data-id=\"351f321f\" data-element_type=\"column\" data-e-type=\"column\">\n\t\t\t<div class=\"elementor-widget-wrap elementor-element-populated\">\n\t\t\t\t\t\t<section class=\"elementor-section elementor-inner-section elementor-element elementor-element-3a25799a elementor-section-boxed elementor-section-height-default elementor-section-height-default\" data-id=\"3a25799a\" data-element_type=\"section\" data-e-type=\"section\">\n\t\t\t\t\t\t<div class=\"elementor-container elementor-column-gap-default\">\n\t\t\t\t\t<div class=\"elementor-column elementor-col-100 elementor-inner-column elementor-element elementor-element-ad8dbfa\" data-id=\"ad8dbfa\" data-element_type=\"column\" data-e-type=\"column\">\n\t\t\t<div class=\"elementor-widget-wrap elementor-element-populated\">\n\t\t\t\t\t\t<div class=\"elementor-element elementor-element-2fabb45a elementor-widget elementor-widget-heading\" data-id=\"2fabb45a\" data-element_type=\"widget\" data-e-type=\"widget\" data-widget_type=\"heading.default\">\n\t\t\t\t<div class=\"elementor-widget-container\">\n\t\t\t\t\t<h2 class=\"elementor-heading-title elementor-size-default\">40,000+<\/h2>\t\t\t\t<\/div>\n\t\t\t\t<\/div>\n\t\t\t\t<div class=\"elementor-element elementor-element-595a5065 elementor-widget elementor-widget-heading\" data-id=\"595a5065\" data-element_type=\"widget\" data-e-type=\"widget\" data-widget_type=\"heading.default\">\n\t\t\t\t<div class=\"elementor-widget-container\">\n\t\t\t\t\t<h2 class=\"elementor-heading-title elementor-size-default\">Organisierte Fahrten<\/h2>\t\t\t\t<\/div>\n\t\t\t\t<\/div>\n\t\t\t\t\t<\/div>\n\t\t<\/div>\n\t\t\t\t\t<\/div>\n\t\t<\/section>\n\t\t\t\t\t<\/div>\n\t\t<\/div>\n\t\t\t\t<div class=\"elementor-column elementor-col-25 elementor-top-column elementor-element elementor-element-75e561fe\" data-id=\"75e561fe\" data-element_type=\"column\" data-e-type=\"column\">\n\t\t\t<div class=\"elementor-widget-wrap elementor-element-populated\">\n\t\t\t\t\t\t<section class=\"elementor-section elementor-inner-section elementor-element elementor-element-23a3b4b6 elementor-section-boxed elementor-section-height-default elementor-section-height-default\" data-id=\"23a3b4b6\" data-element_type=\"section\" data-e-type=\"section\">\n\t\t\t\t\t\t<div class=\"elementor-container elementor-column-gap-default\">\n\t\t\t\t\t<div class=\"elementor-column elementor-col-100 elementor-inner-column elementor-element elementor-element-4380848a\" data-id=\"4380848a\" data-element_type=\"column\" data-e-type=\"column\">\n\t\t\t<div class=\"elementor-widget-wrap elementor-element-populated\">\n\t\t\t\t\t\t<div class=\"elementor-element elementor-element-5695d8a5 elementor-widget elementor-widget-heading\" data-id=\"5695d8a5\" data-element_type=\"widget\" data-e-type=\"widget\" data-widget_type=\"heading.default\">\n\t\t\t\t<div class=\"elementor-widget-container\">\n\t\t\t\t\t<h2 class=\"elementor-heading-title elementor-size-default\">120,000+<\/h2>\t\t\t\t<\/div>\n\t\t\t\t<\/div>\n\t\t\t\t<div class=\"elementor-element elementor-element-524e7722 elementor-widget elementor-widget-heading\" data-id=\"524e7722\" data-element_type=\"widget\" data-e-type=\"widget\" data-widget_type=\"heading.default\">\n\t\t\t\t<div class=\"elementor-widget-container\">\n\t\t\t\t\t<h2 class=\"elementor-heading-title elementor-size-default\">Gl\u00fcckliche Reisende<\/h2>\t\t\t\t<\/div>\n\t\t\t\t<\/div>\n\t\t\t\t\t<\/div>\n\t\t<\/div>\n\t\t\t\t\t<\/div>\n\t\t<\/section>\n\t\t\t\t\t<\/div>\n\t\t<\/div>\n\t\t\t\t\t<\/div>\n\t\t<\/section>\n\t\t\t\t<section class=\"elementor-section elementor-top-section elementor-element elementor-element-983a502 elementor-section-boxed elementor-section-height-default elementor-section-height-default\" data-id=\"983a502\" data-element_type=\"section\" data-e-type=\"section\">\n\t\t\t\t\t\t<div class=\"elementor-container elementor-column-gap-default\">\n\t\t\t\t\t<div class=\"elementor-column elementor-col-100 elementor-top-column elementor-element elementor-element-70c37209\" data-id=\"70c37209\" data-element_type=\"column\" data-e-type=\"column\">\n\t\t\t<div class=\"elementor-widget-wrap elementor-element-populated\">\n\t\t\t\t\t\t<div class=\"elementor-element elementor-element-5db24a94 elementor-widget elementor-widget-heading\" data-id=\"5db24a94\" data-element_type=\"widget\" data-e-type=\"widget\" data-widget_type=\"heading.default\">\n\t\t\t\t<div class=\"elementor-widget-container\">\n\t\t\t\t\t<h2 class=\"elementor-heading-title elementor-size-default\"><blockquote data-start=\"203\" data-end=\"445\"><p data-start=\"205\" data-end=\"445\"><strong data-start=\"205\" data-end=\"445\">\u201cBei Bella Trips Egypt planen wir nicht einfach nur Reisen - wir schaffen sorgf\u00e4ltig organisierte Reiseerlebnisse, die auf Transparenz, lokaler Expertise und vertrauensw\u00fcrdigen Partnerschaften basieren, damit jeder Reisende \u00c4gypten mit Vertrauen und Seelenfrieden erkunden kann.\u201d<\/strong><\/p>\n<\/blockquote>\n\n<\/h2>\t\t\t\t<\/div>\n\t\t\t\t<\/div>\n\t\t\t\t\t<\/div>\n\t\t<\/div>\n\t\t\t\t\t<\/div>\n\t\t<\/section>\n\t\t\t\t<section class=\"elementor-section elementor-top-section elementor-element elementor-element-4fa9c20 elementor-section-full_width elementor-section-height-default elementor-section-height-default\" data-id=\"4fa9c20\" data-element_type=\"section\" data-e-type=\"section\">\n\t\t\t\t\t\t<div class=\"elementor-container elementor-column-gap-no\">\n\t\t\t\t\t<div class=\"elementor-column elementor-col-100 elementor-top-column elementor-element elementor-element-78d0eb5b\" data-id=\"78d0eb5b\" data-element_type=\"column\" data-e-type=\"column\">\n\t\t\t<div class=\"elementor-widget-wrap elementor-element-populated\">\n\t\t\t\t\t\t<div class=\"elementor-element elementor-element-18425323 elementor-widget elementor-widget-st_sliders\" data-id=\"18425323\" data-element_type=\"widget\" data-e-type=\"widget\" data-widget_type=\"st_sliders.default\">\n\t\t\t\t<div class=\"elementor-widget-container\">\n\t\t\t\t\t        <div class=\"st-sliders style-1\" data-effect=\"creative\" data-slides-per-view=\"\" data-pagination=\"on\" data-navigation=\"on\" data-auto-play=\"off\" data-loop=\"true\" data-delay=\"\" data-center-slider=\"on\" data-style-slider=\"style-1\" data-space-between=\"30\" >\r\n            <div class=\"swiper-container\">\r\n                <div class=\"swiper-wrapper\">\r\n                                                <div class=\"swiper-slide\">\r\n                                <img decoding=\"async\" class=\"swiper-lazy\" src=\"https:\/\/bellatrips.com\/wp-content\/uploads\/2025\/12\/photo_2025-12-29-10.15.19-1.jpeg\" alt=\"Bella-Reisen\">\r\n                            <\/div>\r\n                                                    <div class=\"swiper-slide\">\r\n                                <img decoding=\"async\" class=\"swiper-lazy\" src=\"https:\/\/bellatrips.com\/wp-content\/uploads\/2026\/02\/FOX1758-scaled.jpg\" alt=\"Bella-Reisen\">\r\n                            <\/div>\r\n                                                    <div class=\"swiper-slide\">\r\n                                <img decoding=\"async\" class=\"swiper-lazy\" src=\"https:\/\/bellatrips.com\/wp-content\/uploads\/2026\/02\/DSC_0028.jpg\" alt=\"Bella-Reisen\">\r\n                            <\/div>\r\n                                                    <div class=\"swiper-slide\">\r\n                                <img decoding=\"async\" class=\"swiper-lazy\" src=\"https:\/\/bellatrips.com\/wp-content\/uploads\/2026\/02\/DSC_0157-scaled.jpg\" alt=\"Bella-Reisen\">\r\n                            <\/div>\r\n                                                    <div class=\"swiper-slide\">\r\n                                <img decoding=\"async\" class=\"swiper-lazy\" src=\"https:\/\/bellatrips.com\/wp-content\/uploads\/2026\/02\/DSC_0179-scaled.jpg\" alt=\"Bella-Reisen\">\r\n                            <\/div>\r\n                                                    <div class=\"swiper-slide\">\r\n                                <img decoding=\"async\" class=\"swiper-lazy\" src=\"https:\/\/bellatrips.com\/wp-content\/uploads\/2026\/02\/DSC_0638-scaled.jpg\" alt=\"Bella-Reisen\">\r\n                            <\/div>\r\n                                                    <div class=\"swiper-slide\">\r\n                                <img decoding=\"async\" class=\"swiper-lazy\" src=\"https:\/\/bellatrips.com\/wp-content\/uploads\/2026\/02\/DSC_0709-1-scaled.jpg\" alt=\"Bella-Reisen\">\r\n                            <\/div>\r\n                                                    <div class=\"swiper-slide\">\r\n                                <img decoding=\"async\" class=\"swiper-lazy\" src=\"https:\/\/bellatrips.com\/wp-content\/uploads\/2026\/02\/DSC_2212-scaled.jpg\" alt=\"Bella-Reisen\">\r\n                            <\/div>\r\n                                                    <div class=\"swiper-slide\">\r\n                                <img decoding=\"async\" class=\"swiper-lazy\" src=\"https:\/\/bellatrips.com\/wp-content\/uploads\/2026\/02\/DSC_6796-scaled.jpg\" alt=\"Bella-Reisen\">\r\n                            <\/div>\r\n                                                    <div class=\"swiper-slide\">\r\n                                <img decoding=\"async\" class=\"swiper-lazy\" src=\"https:\/\/bellatrips.com\/wp-content\/uploads\/2026\/02\/DSC_6853.jpg\" alt=\"Bella-Reisen\">\r\n                            <\/div>\r\n                                                    <div class=\"swiper-slide\">\r\n                                <img decoding=\"async\" class=\"swiper-lazy\" src=\"https:\/\/bellatrips.com\/wp-content\/uploads\/2026\/02\/DSC_8420-scaled.jpg\" alt=\"Bella-Reisen\">\r\n                            <\/div>\r\n                                                    <div class=\"swiper-slide\">\r\n                                <img decoding=\"async\" class=\"swiper-lazy\" src=\"https:\/\/bellatrips.com\/wp-content\/uploads\/2026\/02\/FOX_6638-scaled.jpg\" alt=\"Bella-Reisen\">\r\n                            <\/div>\r\n                                                    <div class=\"swiper-slide\">\r\n                                <img decoding=\"async\" class=\"swiper-lazy\" src=\"https:\/\/bellatrips.com\/wp-content\/uploads\/2026\/02\/hd-32.png\" alt=\"Bella-Reisen\">\r\n                            <\/div>\r\n                                                    <div class=\"swiper-slide\">\r\n                                <img decoding=\"async\" class=\"swiper-lazy\" src=\"https:\/\/bellatrips.com\/wp-content\/uploads\/2026\/02\/DSC_7212-scaled.jpg\" alt=\"Bella-Reisen\">\r\n                            <\/div>\r\n                                                    <div class=\"swiper-slide\">\r\n                                <img decoding=\"async\" class=\"swiper-lazy\" src=\"https:\/\/bellatrips.com\/wp-content\/uploads\/2026\/02\/GOPR7411-scaled.jpg\" alt=\"Bella-Reisen\">\r\n                            <\/div>\r\n                                                    <div class=\"swiper-slide\">\r\n                                <img decoding=\"async\" class=\"swiper-lazy\" src=\"https:\/\/bellatrips.com\/wp-content\/uploads\/2026\/02\/GOPR1116-scaled.jpg\" alt=\"Bella-Reisen\">\r\n                            <\/div>\r\n                                                    <div class=\"swiper-slide\">\r\n                                <img decoding=\"async\" class=\"swiper-lazy\" src=\"https:\/\/bellatrips.com\/wp-content\/uploads\/2026\/02\/\u0644.jpg\" alt=\"Bella-Reisen\">\r\n                            <\/div>\r\n                                        <\/div>\r\n\r\n\t\t\t\t<div class=\"swiper-pagination\"><\/div><div class=\"st-button-prev\"><span><\/span><\/div><div class=\"st-button-next\"><span><\/span><\/div>            <\/div>\r\n        <\/div>\r\n    \t\t\t\t<\/div>\n\t\t\t\t<\/div>\n\t\t\t\t\t<\/div>\n\t\t<\/div>\n\t\t\t\t\t<\/div>\n\t\t<\/section>\n\t\t\t\t<section class=\"elementor-section elementor-top-section elementor-element elementor-element-742d8988 elementor-section-boxed elementor-section-height-default elementor-section-height-default\" data-id=\"742d8988\" data-element_type=\"section\" data-e-type=\"section\">\n\t\t\t\t\t\t<div class=\"elementor-container elementor-column-gap-default\">\n\t\t\t\t\t<div class=\"elementor-column elementor-col-100 elementor-top-column elementor-element elementor-element-46dacbdd\" data-id=\"46dacbdd\" data-element_type=\"column\" data-e-type=\"column\">\n\t\t\t<div class=\"elementor-widget-wrap elementor-element-populated\">\n\t\t\t\t\t\t<div class=\"elementor-element elementor-element-23231dfd elementor-widget elementor-widget-heading\" data-id=\"23231dfd\" data-element_type=\"widget\" data-e-type=\"widget\" data-widget_type=\"heading.default\">\n\t\t\t\t<div class=\"elementor-widget-container\">\n\t\t\t\t\t<h2 class=\"elementor-heading-title elementor-size-default\">Team<\/h2>\t\t\t\t<\/div>\n\t\t\t\t<\/div>\n\t\t\t\t<div class=\"elementor-element elementor-element-c6ef843 elementor-widget elementor-widget-heading\" data-id=\"c6ef843\" data-element_type=\"widget\" data-e-type=\"widget\" data-widget_type=\"heading.default\">\n\t\t\t\t<div class=\"elementor-widget-container\">\n\t\t\t\t\t<h2 class=\"elementor-heading-title elementor-size-default\">Hinter jeder erfolgreichen Reise steht ein strukturiertes Team vor Ort, das die Logistik, die lizenzierten Boote, den Transport und die Sicherheitsstandards koordiniert, um sicherzustellen, dass jeder Reisende \u00c4gypten genau so erlebt, wie es versprochen wurde.\n<\/h2>\t\t\t\t<\/div>\n\t\t\t\t<\/div>\n\t\t\t\t\t<\/div>\n\t\t<\/div>\n\t\t\t\t\t<\/div>\n\t\t<\/section>\n\t\t\t\t<\/div>","protected":false},"excerpt":{"rendered":"<p>Why Bella Trips? \u00a0 Bella Trips Egypt was created to make travel in Egypt simple, reliable, and unforgettable. With strong hands-on experience in the tourism industry, we understand that great trips start with proper planning, honest communication, and professional coordination. That\u2019s why we work closely with licensed local partners to design well-organized travel programs and [&hellip;]<\/p>\n","protected":false},"author":1,"featured_media":12708,"parent":0,"menu_order":0,"comment_status":"closed","ping_status":"closed","template":"template-fullwidth.php","meta":{"iawp_total_views":73,"footnotes":""},"class_list":["post-8028","page","type-page","status-publish","has-post-thumbnail","hentry"],"_links":{"self":[{"href":"https:\/\/bellatrips.com\/de\/wp-json\/wp\/v2\/pages\/8028","targetHints":{"allow":["GET"]}}],"collection":[{"href":"https:\/\/bellatrips.com\/de\/wp-json\/wp\/v2\/pages"}],"about":[{"href":"https:\/\/bellatrips.com\/de\/wp-json\/wp\/v2\/types\/page"}],"author":[{"embeddable":true,"href":"https:\/\/bellatrips.com\/de\/wp-json\/wp\/v2\/users\/1"}],"replies":[{"embeddable":true,"href":"https:\/\/bellatrips.com\/de\/wp-json\/wp\/v2\/comments?post=8028"}],"version-history":[{"count":69,"href":"https:\/\/bellatrips.com\/de\/wp-json\/wp\/v2\/pages\/8028\/revisions"}],"predecessor-version":[{"id":13030,"href":"https:\/\/bellatrips.com\/de\/wp-json\/wp\/v2\/pages\/8028\/revisions\/13030"}],"wp:featuredmedia":[{"embeddable":true,"href":"https:\/\/bellatrips.com\/de\/wp-json\/wp\/v2\/media\/12708"}],"wp:attachment":[{"href":"https:\/\/bellatrips.com\/de\/wp-json\/wp\/v2\/media?parent=8028"}],"curies":[{"name":"wp","href":"https:\/\/api.w.org\/{rel}","templated":true}]}}