{"id":11834,"date":"2025-12-24T10:20:29","date_gmt":"2025-12-24T07:20:29","guid":{"rendered":"https:\/\/bellatrips.com\/?page_id=11834"},"modified":"2026-01-28T18:41:16","modified_gmt":"2026-01-28T16:41:16","slug":"datenschutzbestimmungen-fur-zahlungen","status":"publish","type":"page","link":"https:\/\/bellatrips.com\/de\/payment-privacy-policy\/","title":{"rendered":"Zahlung &amp; Datenschutz"},"content":{"rendered":"<div class=\"wpb-content-wrapper\"><div class=\"vc_row wpb_row st bg-holder\"><div class='container'><div class='row'>\n\t<div class=\"wpb_column column_container col-md-12\"><div class=\"vc_column-inner wpb_wrapper\">\n\t\t\t<div class=\"vc_empty_space\"   style=\"height: 45px\"><span class=\"vc_empty_space_inner\"><\/span><\/div><\/div>\n\t<\/div> \n<\/div><!--End .row--><\/div><!--End .container--><\/div><div class=\"vc_row wpb_row st bg-holder\"><div class='container'><div class='row'>\n\t<div class=\"wpb_column column_container col-md-12\"><div class=\"vc_column-inner wpb_wrapper\">\n\t\t\t\n\t<div class=\"wpb_text_column wpb_content_element\" >\n\t\t<div class=\"wpb_wrapper\">\n\t\t\t<h2>Zahlung &amp; Datenschutz<\/h2>\n<p>Bei Bella Trips sind uns Ihre Privatsph\u00e4re und die Sicherheit Ihrer Zahlungen sehr wichtig.<\/p>\n<h3>Zahlungen<\/h3>\n<p>Wir akzeptieren Zahlungen \u00fcber sichere Online-Zahlungsgateways, Bank\u00fcberweisungen oder Bargeld (falls zutreffend).<\/p>\n<p>Alle Online-Zahlungen werden \u00fcber vertrauensw\u00fcrdige Drittanbieter abgewickelt.<\/p>\n<p>Bella Trips speichert Ihre vollst\u00e4ndigen Kartendaten nicht und hat auch keinen Zugang zu ihnen.<\/p>\n<h3>Zahlungssicherheit<\/h3>\n<p>Unsere Website verwendet eine SSL-Verschl\u00fcsselung, um Ihre pers\u00f6nlichen Daten und Zahlungsinformationen zu sch\u00fctzen.<\/p>\n<p>Alle Zahlungstransaktionen werden verschl\u00fcsselt und gem\u00e4\u00df den Sicherheitsstandards der Branche abgewickelt.<\/p>\n<h3>Pers\u00f6nliche Informationen<\/h3>\n<p>Wir sammeln nur die Informationen, die f\u00fcr die Bearbeitung Ihrer Buchung erforderlich sind, wie z. B.:<\/p>\n<p>Name<\/p>\n<p>Kontaktangaben<\/p>\n<h3>Informationen zur Buchung<\/h3>\n<p>Ihre pers\u00f6nlichen Daten werden niemals verkauft, vermietet oder an Dritte weitergegeben, es sei denn, dies ist erforderlich, um Ihre Buchung abzuschlie\u00dfen oder gesetzlichen Verpflichtungen nachzukommen.<\/p>\n<h3>Datenschutz<\/h3>\n<p>Wir unternehmen angemessene Schritte, um Ihre pers\u00f6nlichen Daten vor unbefugtem Zugriff, Verlust oder Missbrauch zu sch\u00fctzen.<\/p>\n<p>Der Zugriff auf personenbezogene Daten ist nur autorisiertem Personal gestattet.<\/p>\n<h3>Cookies<\/h3>\n<p>Unsere Website kann Cookies verwenden, um die Benutzerfreundlichkeit und die Leistung der Website zu verbessern.<\/p>\n<p>Sie k\u00f6nnen Cookies in den Einstellungen Ihres Browsers deaktivieren, wenn Sie dies w\u00fcnschen.<\/p>\n<h3>Kontakt<\/h3>\n<p>Wenn Sie Fragen zu Zahlungen oder zum Datenschutz haben, wenden Sie sich bitte an uns:<\/p>\n<p>E-Mail: support@bellatrips.com<\/p>\n\n\t\t<\/div>\n\t<\/div>\n<\/div>\n\t<\/div> \n<\/div><!--End .row--><\/div><!--End .container--><\/div><div class=\"vc_row wpb_row st bg-holder\"><div class='container'><div class='row'>\n\t<div class=\"wpb_column column_container col-md-12\"><div class=\"vc_column-inner wpb_wrapper\">\n\t\t\t<div class=\"vc_empty_space\"   style=\"height: 45px\"><span class=\"vc_empty_space_inner\"><\/span><\/div><\/div>\n\t<\/div> \n<\/div><!--End .row--><\/div><!--End .container--><\/div>\n<\/div>","protected":false},"excerpt":{"rendered":"Payment &amp; Privacy Policy At Bella Trips, your privacy and payment security are very important to us. Payments We accept payments via secure online payment gateways, bank transfer, or cash (where applicable). All online payments are processed through trusted third-party payment providers. Bella Trips does not store or have access to your full card details. [...]","protected":false},"author":1,"featured_media":11720,"parent":0,"menu_order":0,"comment_status":"closed","ping_status":"closed","template":"","meta":{"iawp_total_views":8,"footnotes":""},"class_list":["post-11834","page","type-page","status-publish","has-post-thumbnail","hentry"],"_links":{"self":[{"href":"https:\/\/bellatrips.com\/de\/wp-json\/wp\/v2\/pages\/11834","targetHints":{"allow":["GET"]}}],"collection":[{"href":"https:\/\/bellatrips.com\/de\/wp-json\/wp\/v2\/pages"}],"about":[{"href":"https:\/\/bellatrips.com\/de\/wp-json\/wp\/v2\/types\/page"}],"author":[{"embeddable":true,"href":"https:\/\/bellatrips.com\/de\/wp-json\/wp\/v2\/users\/1"}],"replies":[{"embeddable":true,"href":"https:\/\/bellatrips.com\/de\/wp-json\/wp\/v2\/comments?post=11834"}],"version-history":[{"count":4,"href":"https:\/\/bellatrips.com\/de\/wp-json\/wp\/v2\/pages\/11834\/revisions"}],"predecessor-version":[{"id":12576,"href":"https:\/\/bellatrips.com\/de\/wp-json\/wp\/v2\/pages\/11834\/revisions\/12576"}],"wp:featuredmedia":[{"embeddable":true,"href":"https:\/\/bellatrips.com\/de\/wp-json\/wp\/v2\/media\/11720"}],"wp:attachment":[{"href":"https:\/\/bellatrips.com\/de\/wp-json\/wp\/v2\/media?parent=11834"}],"curies":[{"name":"wp","href":"https:\/\/api.w.org\/{rel}","templated":true}]}}